{"id":381,"date":"2018-03-05T22:32:48","date_gmt":"2018-03-05T21:32:48","guid":{"rendered":"http:\/\/www.dancesociety.info\/?page_id=381"},"modified":"2023-11-19T16:23:33","modified_gmt":"2023-11-19T15:23:33","slug":"beschreibung","status":"publish","type":"page","link":"http:\/\/www.dancesociety.info\/?page_id=381","title":{"rendered":"Beschreibung"},"content":{"rendered":"<h1 style=\"text-align: center;\">Unlimited Society&#8230;<\/h1>\n<p style=\"text-align: center;\">&#8230;ist eine Damengruppe aus unserem Verein.<\/p>\n<p style=\"text-align: center;\">Die Gruppe besteht zur Zeit aus 28 T\u00e4nzerinnen im alter von 16 &#8211; 38 Jahren.<\/p>\n<p style=\"text-align: center;\">Die Gruppe freut sich immer \u00fcber neue tanzbegeisterte T\u00e4nzerinnen.<\/p>\n\n\n<figure class=\"wp-block-image size-large\"><img loading=\"lazy\" decoding=\"async\" width=\"1024\" height=\"683\" src=\"http:\/\/www.dancesociety.info\/wp-content\/uploads\/2023\/11\/WhatsApp-Bild-2023-11-05-um-15.37.16_92383da4-1024x683.jpg\" alt=\"\" class=\"wp-image-1643\" srcset=\"http:\/\/www.dancesociety.info\/wp-content\/uploads\/2023\/11\/WhatsApp-Bild-2023-11-05-um-15.37.16_92383da4-1024x683.jpg 1024w, http:\/\/www.dancesociety.info\/wp-content\/uploads\/2023\/11\/WhatsApp-Bild-2023-11-05-um-15.37.16_92383da4-300x200.jpg 300w, http:\/\/www.dancesociety.info\/wp-content\/uploads\/2023\/11\/WhatsApp-Bild-2023-11-05-um-15.37.16_92383da4-768x512.jpg 768w, http:\/\/www.dancesociety.info\/wp-content\/uploads\/2023\/11\/WhatsApp-Bild-2023-11-05-um-15.37.16_92383da4-1536x1024.jpg 1536w, http:\/\/www.dancesociety.info\/wp-content\/uploads\/2023\/11\/WhatsApp-Bild-2023-11-05-um-15.37.16_92383da4-1140x760.jpg 1140w, http:\/\/www.dancesociety.info\/wp-content\/uploads\/2023\/11\/WhatsApp-Bild-2023-11-05-um-15.37.16_92383da4.jpg 1920w\" sizes=\"auto, (max-width: 1024px) 100vw, 1024px\" \/><\/figure>\n","protected":false},"excerpt":{"rendered":"<p>Unlimited Society&#8230; &#8230;ist eine Damengruppe aus unserem Verein. Die Gruppe besteht zur Zeit aus 28 T\u00e4nzerinnen im alter von 16 &#8211; 38 Jahren. Die Gruppe freut sich immer \u00fcber neue tanzbegeisterte T\u00e4nzerinnen.<\/p>\n","protected":false},"author":1,"featured_media":0,"parent":339,"menu_order":0,"comment_status":"closed","ping_status":"closed","template":"","meta":{"footnotes":""},"class_list":["post-381","page","type-page","status-publish","hentry"],"_links":{"self":[{"href":"http:\/\/www.dancesociety.info\/index.php?rest_route=\/wp\/v2\/pages\/381","targetHints":{"allow":["GET"]}}],"collection":[{"href":"http:\/\/www.dancesociety.info\/index.php?rest_route=\/wp\/v2\/pages"}],"about":[{"href":"http:\/\/www.dancesociety.info\/index.php?rest_route=\/wp\/v2\/types\/page"}],"author":[{"embeddable":true,"href":"http:\/\/www.dancesociety.info\/index.php?rest_route=\/wp\/v2\/users\/1"}],"replies":[{"embeddable":true,"href":"http:\/\/www.dancesociety.info\/index.php?rest_route=%2Fwp%2Fv2%2Fcomments&post=381"}],"version-history":[{"count":10,"href":"http:\/\/www.dancesociety.info\/index.php?rest_route=\/wp\/v2\/pages\/381\/revisions"}],"predecessor-version":[{"id":1644,"href":"http:\/\/www.dancesociety.info\/index.php?rest_route=\/wp\/v2\/pages\/381\/revisions\/1644"}],"up":[{"embeddable":true,"href":"http:\/\/www.dancesociety.info\/index.php?rest_route=\/wp\/v2\/pages\/339"}],"wp:attachment":[{"href":"http:\/\/www.dancesociety.info\/index.php?rest_route=%2Fwp%2Fv2%2Fmedia&parent=381"}],"curies":[{"name":"wp","href":"https:\/\/api.w.org\/{rel}","templated":true}]}}