{"id":312,"date":"2018-01-27T23:25:11","date_gmt":"2018-01-27T22:25:11","guid":{"rendered":"http:\/\/www.dancesociety.info\/?page_id=312"},"modified":"2025-06-26T20:54:44","modified_gmt":"2025-06-26T18:54:44","slug":"beschreibung","status":"publish","type":"page","link":"http:\/\/www.dancesociety.info\/?page_id=312","title":{"rendered":"Beschreibung Mixed Society"},"content":{"rendered":"<h2 style=\"text-align: center;\"><\/h2>\n<h3 style=\"text-align: center;\">Wir sind die neu gegr\u00fcndete gemischte Gruppe der Dance Society Alzey. Bei uns steht der Spa\u00df im Vordergrund. Wir beginnen Anfang des Jahres einen neuen Tanz einzustudieren, welchen wir dann Ende des Jahres pr\u00e4sentieren. Wir nehmen nicht an Turnieren teil, treten aber auf ein paar Fastnacht- und Spa\u00dfauftritten auf.<\/h3>\n<h3 style=\"text-align: center;\">Bei uns sind M\u00e4nner und Frauen ab 16 Jahren herzlich Willkommen.<\/h3>\n<h3 style=\"text-align: center;\">Bei Interesse k\u00f6nnt ihr euch gerne bei uns melden:<\/h3>\n<h3 style=\"text-align: center;\">Kontakt:<\/h3>\n<h3 style=\"text-align: center;\">dancesociety@web.de<\/h3>\n<h3 style=\"text-align: center;\"><\/h3>\n","protected":false},"excerpt":{"rendered":"<p>Wir sind die neu gegr\u00fcndete gemischte Gruppe der Dance Society Alzey. Bei uns steht der Spa\u00df im Vordergrund. Wir beginnen Anfang des Jahres einen neuen Tanz einzustudieren, welchen wir dann Ende des Jahres pr\u00e4sentieren. Wir nehmen nicht an Turnieren teil, treten aber auf ein paar Fastnacht- und Spa\u00dfauftritten auf. Bei uns sind M\u00e4nner und Frauen ab 16 Jahren herzlich Willkommen. Bei Interesse k\u00f6nnt ihr euch gerne bei uns melden: Kontakt: dancesociety@web.de<\/p>\n","protected":false},"author":1,"featured_media":0,"parent":305,"menu_order":0,"comment_status":"closed","ping_status":"closed","template":"","meta":{"footnotes":""},"class_list":["post-312","page","type-page","status-publish","hentry"],"_links":{"self":[{"href":"http:\/\/www.dancesociety.info\/index.php?rest_route=\/wp\/v2\/pages\/312","targetHints":{"allow":["GET"]}}],"collection":[{"href":"http:\/\/www.dancesociety.info\/index.php?rest_route=\/wp\/v2\/pages"}],"about":[{"href":"http:\/\/www.dancesociety.info\/index.php?rest_route=\/wp\/v2\/types\/page"}],"author":[{"embeddable":true,"href":"http:\/\/www.dancesociety.info\/index.php?rest_route=\/wp\/v2\/users\/1"}],"replies":[{"embeddable":true,"href":"http:\/\/www.dancesociety.info\/index.php?rest_route=%2Fwp%2Fv2%2Fcomments&post=312"}],"version-history":[{"count":12,"href":"http:\/\/www.dancesociety.info\/index.php?rest_route=\/wp\/v2\/pages\/312\/revisions"}],"predecessor-version":[{"id":1825,"href":"http:\/\/www.dancesociety.info\/index.php?rest_route=\/wp\/v2\/pages\/312\/revisions\/1825"}],"up":[{"embeddable":true,"href":"http:\/\/www.dancesociety.info\/index.php?rest_route=\/wp\/v2\/pages\/305"}],"wp:attachment":[{"href":"http:\/\/www.dancesociety.info\/index.php?rest_route=%2Fwp%2Fv2%2Fmedia&parent=312"}],"curies":[{"name":"wp","href":"https:\/\/api.w.org\/{rel}","templated":true}]}}