{"id":192,"date":"2018-01-27T20:14:06","date_gmt":"2018-01-27T19:14:06","guid":{"rendered":"http:\/\/www.dancesociety.info\/?page_id=192"},"modified":"2026-01-03T21:36:54","modified_gmt":"2026-01-03T20:36:54","slug":"erfolge","status":"publish","type":"page","link":"http:\/\/www.dancesociety.info\/?page_id=192","title":{"rendered":"Erfolge&#8230;"},"content":{"rendered":"\n<p><span style=\"color: #ff9900;\"><strong>&nbsp;&#8230; in der Saison &#8222;Pippi Langstrumpf&#8220; 2024\/2025<\/strong><\/span><\/p>\n\n\n\n<p><strong>Deutscher Meister<\/strong> <strong>2025<\/strong><\/p>\n\n\n\n<p><strong>Hessenmeister Meister 2025<\/strong><\/p>\n\n\n\n<p><strong>1.Platz + 2. Qualifikation<\/strong> f\u00fcr die Landesmeisterschaften auf dem Turnier in Stromberg erreicht<\/p>\n\n\n\n<p><strong>1.Platz + 1. Qualifikation<\/strong> f\u00fcr die Landesmeisterschaft auf dem Turnier in Piesport erreicht<\/p>\n\n\n\n<p><strong>3. Platz<\/strong> auf dem Turnier des CCO Osthofen<\/p>\n\n\n\n<p><strong>1.Platz<\/strong> + Tagesh\u00f6chstwertung auf dem Turnier in Bad Sobernheim<\/p>\n\n\n\n<p><strong>1.Platz<\/strong> auf dem Turnier der TG Osthofen<\/p>\n\n\n\n<p><strong>1.Platz<\/strong> auf dem Rotwein Dance Cup in Ingelheim 2025<\/p>\n\n\n\n<p><span style=\"color: #ff9900;\"><strong>&nbsp;&#8230; in der Saison &#8222;Der Grinch &#8211; Ich hasse Weihnachten&#8220; 2023\/24<\/strong><\/span><\/p>\n\n\n\n<p><strong>Publikumsliebling<\/strong> auf der Veranstaltung &#8222;Die Burg bebt&#8220;<\/p>\n\n\n\n<p><strong>1.Platz<\/strong> auf dem Turnier von VolxheimTANZT<\/p>\n\n\n\n<p><strong>2.Platz<\/strong> auf dem Turnier in Framersheim<\/p>\n\n\n\n<p><strong>1.Platz <\/strong>und <strong>Tagesh\u00f6chstwertung<\/strong> auf dem Turnier der TG Osthofen<\/p>\n\n\n\n<p><strong>2.Platz<\/strong> auf dem Turnier in Partenheim<\/p>\n\n\n\n<p><strong>1.Platz<\/strong> auf dem Turnier in Welschneudorf<\/p>\n\n\n\n<p><strong>1.Platz<\/strong> und <strong>Tagesh\u00f6chstwertung<\/strong> auf dem Turnier in Gimbsheim<\/p>\n\n\n\n<p><strong>1.Platz<\/strong> und <strong>Tagesh\u00f6chstwertung<\/strong> und Gruppenliebling auf dem Turnier des CCO-Osthofen<\/p>\n\n\n\n<p><strong>1.Platz<\/strong> und <strong>Publikumsliebling<\/strong> auf dem Rotwein Dance Cup in Ingelheim<\/p>\n\n\n\n<p><strong>1.Platz<\/strong> auf dem Turnier in Erfenbach<\/p>\n\n\n\n<p><strong>1.Platz<\/strong> auf dem Turnier in Simmertal<\/p>\n\n\n\n<p><span style=\"color: #ff9900;\"><strong>&nbsp;&#8230; in der Saison &#8222;Eine monsterm\u00e4\u00dfige Kreuzfahrt&#8220; 2022\/23<\/strong><\/span><\/p>\n\n\n\n<p><strong>Deutscher Meister<\/strong> <strong>2023<\/strong><\/p>\n\n\n\n<p><strong>Hessenmeister Meister 2023<\/strong><\/p>\n\n\n\n<p><strong>1.Platz<\/strong> auf der zweiten Qualifikation f\u00fcr die Landesmeisterschaften des RKK<\/p>\n\n\n\n<p><strong>1.Platz <\/strong>auf dem Turnier in Nieder-Olm<\/p>\n\n\n\n<p><strong>1.Platz<\/strong> und <strong>sch\u00f6nstes Kost\u00fcm<\/strong> auf der ersten Qualifikation f\u00fcr die Landesmeisterschaften des RKK<\/p>\n\n\n\n<p><strong>1. Platz<\/strong> auf dem Turnier in Rockenhausen<\/p>\n\n\n\n<p><strong>2. Platz<\/strong> und <strong>Publikumsliebling<\/strong> auf dem Winter Cup in Sprendlingen<\/p>\n\n\n\n<p><strong>1. Platz<\/strong> auf dem Turnier in R\u00f6delhausen<\/p>\n\n\n\n<p><strong>2. Platz <\/strong>auf dem Turnier in Rockenhausen<\/p>\n\n\n\n<p><strong>1. Platz<\/strong> und <strong>Publikumsliebling<\/strong> auf dem Turnier in Armsheim<\/p>\n\n\n\n<p><strong>1. Platz<\/strong> auf dem Turnier in Gimbsheim<\/p>\n\n\n\n<p><strong>2. Platz<\/strong> auf dem Turnier in Osthofen<\/p>\n\n\n\n<p><strong>2. Platz<\/strong> auf dem Turnier in Partenheim<\/p>\n\n\n\n<p><strong>1. Platz<\/strong> auf dem Turnier in Kemel<\/p>\n\n\n\n<hr class=\"wp-block-separator has-alpha-channel-opacity\"\/>\n\n\n\n<p><strong><span style=\"color: #ff9900;\">\u2026 in der Saison &#8222;Froscholympiade&#8220; 2019\/20<\/span><\/strong><\/p>\n\n\n\n<p><strong>2. Platz <\/strong>auf dem Turnier in Undenheim<strong><br>1. Platz<\/strong>&nbsp;auf dem Winter Cup in Sprendlingen<\/p>\n\n\n\n<p>&#8230; dann kam leider Corona<\/p>\n\n\n\n<hr class=\"wp-block-separator has-alpha-channel-opacity\"\/>\n\n\n\n<p class=\"has-text-align-left\"><span style=\"color: #ff9900;\"><strong>&nbsp;&#8230; in der Saison &#8222;Dschungelcamp &#8211; Ich bin ein Star, holt mich hier raus&#8220; 2018\/19<\/strong><\/span><\/p>\n\n\n\n<p><b>2. Platz <\/b>auf dem Turnier in Armsheim<\/p>\n\n\n\n<p><b>2. Platz<\/b> auf dem Turnier in Jugenheim<\/p>\n\n\n\n<p><b>1. Platz<\/b> auf dem Turnier in Framersheim<\/p>\n\n\n\n<p><b>1. Platz<\/b> auf dem Turnier in Rheinb\u00f6llen<\/p>\n\n\n\n<p><b>2. Platz<\/b> auf dem Turnier in Gonsenheim<\/p>\n\n\n\n<p><b>1. Platz<\/b> auf dem Turnier in Partenheim<\/p>\n\n\n\n<p><b>1.<\/b> <b>Platz<\/b> auf dem Turnier in Osthofen<\/p>\n\n\n\n<p><b>1.<\/b> <b>Platz<\/b> auf dem Turnier in K\u00f6ngernheim<\/p>\n\n\n\n<p><b>2.<\/b> <b>Platz<\/b> beim Winter Cup in W\u00f6llstein<\/p>\n\n\n\n<p><strong>1. Platz<\/strong> auf dem Turnier bei VolxheimTANZT.<\/p>\n\n\n\n<hr class=\"wp-block-separator has-alpha-channel-opacity\"\/>\n\n\n\n<p class=\"has-text-align-left\"><span style=\"color: #ff9900;\"><strong>&#8230; in der Saison &#8222;Mission Weihnachten &#8220; 2017\/18<\/strong><\/span><\/p>\n\n\n\n<p><strong>Deutscher Meister<\/strong> 2018\/19<\/p>\n\n\n\n<p><strong>Rheinland-Pfalz Meister <\/strong>2018\/19<\/p>\n\n\n\n<p><strong>1. Platz<\/strong> und <strong>Tagesh\u00f6chstpunktzahl<\/strong> auf der RLP-Meisterschaft in Lahnstein.<\/p>\n\n\n\n<p><strong>1. Platz<\/strong> auf dem Turnier in Waldb\u00f6ckelheim.<\/p>\n\n\n\n<p><strong>2. Platz<\/strong> in der Jugendkategorie auf dem Turnier in M\u00f6rschied.<\/p>\n\n\n\n<p><strong>1. Platz<\/strong> und <strong>Tagesh\u00f6chstpunktzahl<\/strong> und das <strong>sch\u00f6nste Kost\u00fcm<\/strong> auf der zweiten Qualifikation des RKK.<\/p>\n\n\n\n<p><strong>1. Platz<\/strong> und <strong>Publikumsliebling<\/strong> auf dem Turnier in Kaiserslautern.<\/p>\n\n\n\n<p><strong>2. Platz<\/strong> und <strong>Publikumsliebling<\/strong> auf dem Turnier in Armsheim.<\/p>\n\n\n\n<p><strong>1. Platz<\/strong> und <strong>Publikumsliebling<\/strong> auf dem Turnier in Rockenhausen.<\/p>\n\n\n\n<p><strong>2. Platz<\/strong> auf dem Turnier in Framersheim.<\/p>\n\n\n\n<p><strong>1. Platz<\/strong> auf der ersten Qualifikation f\u00fcr die Landesmeisterschaften des RKK.<\/p>\n\n\n\n<p><strong>2. Platz<\/strong> auf dem Turnier in Partenheim.<\/p>\n\n\n\n<p><strong>1. Platz<\/strong> in Osthofen und die <strong>Tagesh\u00f6chstpunktzahl<\/strong> in Osthofen.<\/p>\n\n\n\n<p><strong>1. Platz<\/strong> auf dem Turnier in Simmern.<\/p>\n\n\n\n<p><strong>3. Platz<\/strong> auf dem Hip hop Contest in V\u00f6lklingen.<\/p>\n\n\n\n<p><strong>1. Platz<\/strong> beim Winter Cup in W\u00f6llstein.<\/p>\n\n\n\n<p><strong>1. Platz<\/strong> auf dem Turnier bei VolxheimTANZT.<\/p>\n\n\n\n<p><strong>1. Platz<\/strong> und<strong> Publikumsliebling<\/strong> auf dem Turnier in Gonsenheim.<\/p>\n\n\n\n<hr class=\"wp-block-separator has-alpha-channel-opacity\"\/>\n\n\n\n<p class=\"has-text-align-left\"><span style=\"color: #ff9900;\"><strong>&#8230; in der Saison &#8222;Drei&nbsp;W\u00fcnsche frei&nbsp;&#8220; 2016\/17<\/strong><\/span><\/p>\n\n\n\n<p><strong>1. Platz<\/strong> auf dem Turnier in Waldb\u00f6ckelheim<\/p>\n\n\n\n<p><strong>3. Platz<\/strong> und <strong>Publikumsliebling<\/strong> auf dem Turnier in Armsheim<\/p>\n\n\n\n<p><strong>2. Platz<\/strong> auf dem Turnier in Gau Grehweiler<\/p>\n\n\n\n<p><strong>3. Platz<\/strong> auf dem Turnier in Jugenheim in der Jugendkategorie<\/p>\n\n\n\n<p><strong>3. Platz<\/strong> auf der Mainzer Stadtmeisterschaft<\/p>\n\n\n\n<p><strong>2. Platz<\/strong> auf dem Turnier in Framersheim<\/p>\n\n\n\n<p><strong>2. Platz<\/strong> auf dem Turnier in Ober-Olm bei den LSG Chaoten<\/p>\n\n\n\n<p><strong>2. Platz<\/strong> und <strong>Publikumsliebling<\/strong> auf dem Turnier in Partenheim<\/p>\n\n\n\n<p><strong>3. Platz<\/strong> auf dem Turnier in Osthofen<\/p>\n\n\n\n<p><strong>1. Platz<\/strong> auf dem Turnier in Simmern<\/p>\n\n\n\n<p><strong>1. Platz<\/strong> auf dem Turnier in K\u00f6ngernheim<\/p>\n\n\n\n<p><strong>1. Platz<\/strong> auf dem Turnier in Stromberg<\/p>\n\n\n\n<p><strong>1. Platz<\/strong> auf dem Turnier in Hackenheim<\/p>\n\n\n\n<p><strong>1. Platz<\/strong> und <strong>Publikumsliebling<\/strong> auf dem Turnier in Gonsenheim<\/p>\n\n\n\n<hr class=\"wp-block-separator has-alpha-channel-opacity\"\/>\n\n\n\n<p class=\"has-text-align-left\"><span style=\"color: #ff9900;\"><strong>&#8230; in der Saison &#8222;Die Polizei mein Held &#8220; 2015\/16<\/strong><\/span><\/p>\n\n\n\n<p><strong>1. Platz<\/strong> und <strong>Saarland Meister<\/strong> auf der Saarlandmeisterschaft 2016<\/p>\n\n\n\n<p><strong>2. Platz<\/strong> und <strong>Publikumsliebling<\/strong> auf dem Turnier in Armsheim<\/p>\n\n\n\n<p><strong>1. Platz<\/strong> beim Kindershowtanzturnier in Jugenheim<\/p>\n\n\n\n<p><strong>1. Platz<\/strong> beim Kindershowtanzturnier in Framersheim<\/p>\n\n\n\n<p><strong>1. Platz<\/strong> und <strong>Westerwald Meister<\/strong> beim 2. Qualifikationsturnier in Neuh\u00e4usel<\/p>\n\n\n\n<p><strong>3. Platz<\/strong> beim Kinder- und Jugendshowtanzturnier in Gimbsheim<\/p>\n\n\n\n<p><strong>1. Platz<\/strong> bei dem 1. Qualifikationsturnier in Koblenz<\/p>\n\n\n\n<p><strong>3. Platz<\/strong> beim Kinder- und Jugendshowtanzturnier in Ober Olm<\/p>\n\n\n\n<p><strong>3. Platz<\/strong> beim Kinder- und Jungendshowtanzturnier in Osthofen<\/p>\n\n\n\n<p><strong>3. Platz<\/strong> beim Kindershowtanzturnier in Simmern<\/p>\n\n\n\n<p><strong>2. Platz<\/strong> beim Winter Cup in Mauchenheim<\/p>\n\n\n\n<p><strong>2. Platz<\/strong> beim Kindershowtanzturnier in Mz Gonsenheim<\/p>\n\n\n\n<p><strong>2. Platz<\/strong> beim Kindershowtanzturnier in Kriegsfeld<\/p>\n\n\n\n<p><strong>3. Platz<\/strong> beim Kindershowtanzturnier in Rockenhausen<\/p>\n\n\n\n<hr class=\"wp-block-separator has-alpha-channel-opacity\"\/>\n\n\n\n<p class=\"has-text-align-left\"><span style=\"color: #ff9900;\"><strong>&#8230; in der Saison &#8220; Im Reich der Kobolde&#8220; 2014\/15<\/strong><\/span><\/p>\n\n\n\n<p><strong>3. Platz<\/strong> beim Kindershowtanzturnier in Armsheim<\/p>\n\n\n\n<p><strong>Publikumsliebling<\/strong> beim Jugendshowtanzturnier in Nierstein<\/p>\n\n\n\n<p><strong>2. Platz<\/strong> und <strong>Publikumsliebling<\/strong> beim Kindershowtanzturnier in Framersheim<\/p>\n\n\n\n<p><strong>3. Platz<\/strong> und <strong>Publikumsliebling<\/strong>&nbsp;beim Kindershowtanzturnier in Partenheim<\/p>\n\n\n\n<p><strong>3. Platz<\/strong> und <strong>Publikumsliebling<\/strong> beim Kindershowtanzturnier in Sprendlingen bei ZooM<\/p>\n\n\n\n<p><strong>2. Platz<\/strong> beim Kinder und Jugend-Showtanzturnier des CC-Osthofen<\/p>\n\n\n\n<hr class=\"wp-block-separator has-alpha-channel-opacity\"\/>\n\n\n\n<p class=\"has-text-align-left\"><span style=\"color: #ff9900;\"><strong>&#8230; in der Saison &#8220; Fu\u00dfball &#8220; 2013\/14<\/strong><\/span><\/p>\n\n\n\n<p><strong>2.Platz<\/strong> und <strong>Publikumsliebling<\/strong>&nbsp;beim Kinder und Jugend-Showtanzturnier des TUS 1889 Jugenheim<\/p>\n\n\n\n<p><strong>3. Platz<\/strong> beim L\u00f6hr Cup in Mainz<\/p>\n\n\n\n<p><strong>3. Platz<\/strong> beim Kinder und Jugendshowtanz Nachmittag in Frahmersheim<\/p>\n\n\n\n<p><strong>6. Platz<\/strong> beim Kindershowtanzturnier in Gimbsheim<\/p>\n\n\n\n<p><strong>4. Platz<\/strong> beim Kinder und Jugend-Showtanzturnier des CC-Osthofen<\/p>\n\n\n\n<p><strong>3. Platz<\/strong> beim Kindershowtanzevent in Rockenhausen<\/p>\n\n\n\n<p><strong>2. Platz<\/strong> beim Kinder und Judend-Showtanzturnier in Pfaffen-Schwabenheim<\/p>\n\n\n\n<p><strong>Juryliebling<\/strong> und Gewinner der Juryherzen auf dem Kindershowtanzturnier in Neu-Bamberg<\/p>\n\n\n\n<p><strong>Gruppenliebling<\/strong> beim Showtanzturnier des TV Nierstein<\/p>\n\n\n\n<hr class=\"wp-block-separator has-alpha-channel-opacity\"\/>\n\n\n\n<h4 class=\"wp-block-heading\">Hier geht es zu unserer Vitrine: &#8211;&gt;<a href=\"http:\/\/1drv.ms\/1BhPd7c\" target=\"_blank\" rel=\"noopener noreferrer\">http:\/\/1drv.ms\/1bhpd7c&nbsp;<\/a>&lt;&#8211;<\/h4>\n","protected":false},"excerpt":{"rendered":"<p>&nbsp;&#8230; in der Saison &#8222;Pippi Langstrumpf&#8220; 2024\/2025 Deutscher Meister 2025 Hessenmeister Meister 2025 1.Platz + 2. Qualifikation f\u00fcr die Landesmeisterschaften auf dem Turnier in Stromberg erreicht 1.Platz + 1. Qualifikation f\u00fcr die Landesmeisterschaft auf dem Turnier in Piesport erreicht 3. Platz auf dem Turnier des CCO Osthofen 1.Platz + Tagesh\u00f6chstwertung auf dem Turnier in Bad Sobernheim 1.Platz auf dem Turnier der TG Osthofen 1.Platz auf dem Rotwein Dance Cup in Ingelheim 2025 &nbsp;&#8230; in der Saison &#8222;Der Grinch &#8211; Ich hasse Weihnachten&#8220; 2023\/24 Publikumsliebling auf der Veranstaltung &#8222;Die Burg bebt&#8220; 1.Platz auf dem Turnier von VolxheimTANZT 2.Platz auf dem Turnier in Framersheim 1.Platz und Tagesh\u00f6chstwertung auf dem Turnier der TG Osthofen 2.Platz auf dem Turnier in Partenheim 1.Platz auf dem Turnier in Welschneudorf 1.Platz und Tagesh\u00f6chstwertung auf dem Turnier in Gimbsheim 1.Platz und Tagesh\u00f6chstwertung und Gruppenliebling auf dem Turnier des CCO-Osthofen 1.Platz und Publikumsliebling auf dem Rotwein Dance Cup in Ingelheim 1.Platz auf dem Turnier in Erfenbach 1.Platz auf dem Turnier in Simmertal &nbsp;&#8230; in der Saison &#8222;Eine monsterm\u00e4\u00dfige Kreuzfahrt&#8220; 2022\/23 Deutscher Meister 2023 Hessenmeister Meister 2023 1.Platz auf der zweiten Qualifikation f\u00fcr die Landesmeisterschaften des RKK 1.Platz auf dem Turnier in Nieder-Olm 1.Platz und sch\u00f6nstes Kost\u00fcm auf der ersten Qualifikation f\u00fcr die Landesmeisterschaften des RKK 1. Platz auf dem Turnier in Rockenhausen 2. Platz und Publikumsliebling auf dem Winter Cup in Sprendlingen 1. Platz auf dem Turnier in R\u00f6delhausen 2. Platz auf dem Turnier in Rockenhausen 1. Platz und Publikumsliebling auf dem Turnier in Armsheim 1. Platz auf dem Turnier in Gimbsheim 2. Platz auf dem Turnier in Osthofen 2. Platz auf dem Turnier in Partenheim 1. Platz auf dem Turnier in Kemel \u2026 in der Saison &#8222;Froscholympiade&#8220; 2019\/20 2. Platz auf dem Turnier in Undenheim1. Platz&nbsp;auf dem Winter Cup in Sprendlingen &#8230; dann kam leider Corona &nbsp;&#8230; in der Saison &#8222;Dschungelcamp &#8211; Ich bin ein Star, holt mich hier raus&#8220; 2018\/19 2. Platz auf dem Turnier in Armsheim 2. Platz auf dem Turnier in Jugenheim 1. Platz auf dem Turnier in Framersheim 1. Platz auf dem Turnier in Rheinb\u00f6llen 2. Platz auf dem Turnier in Gonsenheim 1. Platz auf dem Turnier in Partenheim 1. Platz auf dem Turnier in Osthofen 1. Platz auf dem Turnier in K\u00f6ngernheim 2. Platz beim Winter Cup in W\u00f6llstein 1. Platz auf dem Turnier bei VolxheimTANZT. &#8230; in der Saison &#8222;Mission Weihnachten &#8220; 2017\/18 Deutscher Meister 2018\/19 Rheinland-Pfalz Meister 2018\/19 1. Platz und Tagesh\u00f6chstpunktzahl auf der RLP-Meisterschaft in Lahnstein. 1. Platz auf dem Turnier in Waldb\u00f6ckelheim. 2. Platz in der Jugendkategorie auf dem Turnier in M\u00f6rschied. 1. Platz und Tagesh\u00f6chstpunktzahl und das sch\u00f6nste Kost\u00fcm auf der zweiten Qualifikation des RKK. 1. Platz und Publikumsliebling auf dem Turnier in Kaiserslautern. 2. Platz und Publikumsliebling auf dem Turnier in Armsheim. 1. Platz und Publikumsliebling auf dem Turnier in Rockenhausen. 2. Platz auf dem Turnier in Framersheim. 1. Platz auf der ersten Qualifikation f\u00fcr die Landesmeisterschaften des RKK. 2. Platz auf dem Turnier in Partenheim. 1. Platz in Osthofen und die Tagesh\u00f6chstpunktzahl in Osthofen. 1. Platz auf dem Turnier in Simmern. 3. Platz auf dem Hip hop Contest in V\u00f6lklingen. 1. Platz beim Winter Cup in W\u00f6llstein. 1. Platz auf dem Turnier bei VolxheimTANZT. 1. Platz und Publikumsliebling auf dem Turnier in Gonsenheim. &#8230; in der Saison &#8222;Drei&nbsp;W\u00fcnsche frei&nbsp;&#8220; 2016\/17 1. Platz auf dem Turnier in Waldb\u00f6ckelheim 3. Platz und Publikumsliebling auf dem Turnier in Armsheim 2. Platz auf dem Turnier in Gau Grehweiler 3. Platz auf dem Turnier in Jugenheim in der Jugendkategorie 3. Platz auf der Mainzer Stadtmeisterschaft 2. Platz auf dem Turnier in Framersheim 2. Platz auf dem Turnier in Ober-Olm bei den LSG Chaoten 2. Platz und Publikumsliebling auf dem Turnier in Partenheim 3. Platz auf dem Turnier in Osthofen 1. Platz auf dem Turnier in Simmern 1. Platz auf dem Turnier in K\u00f6ngernheim 1. Platz auf dem Turnier in Stromberg 1. Platz auf dem Turnier in Hackenheim 1. Platz und Publikumsliebling auf dem Turnier in Gonsenheim &#8230; in der Saison &#8222;Die Polizei mein Held &#8220; 2015\/16 1. Platz und Saarland Meister auf der Saarlandmeisterschaft 2016 2. Platz und Publikumsliebling auf dem Turnier in Armsheim 1. Platz beim Kindershowtanzturnier in Jugenheim 1. Platz beim Kindershowtanzturnier in Framersheim 1. Platz und Westerwald Meister beim 2. Qualifikationsturnier in Neuh\u00e4usel 3. Platz beim Kinder- und Jugendshowtanzturnier in Gimbsheim 1. Platz bei dem 1. Qualifikationsturnier in Koblenz 3. Platz beim Kinder- und Jugendshowtanzturnier in Ober Olm 3. Platz beim Kinder- und Jungendshowtanzturnier in Osthofen 3. Platz beim Kindershowtanzturnier in Simmern 2. Platz beim Winter Cup in Mauchenheim 2. Platz beim Kindershowtanzturnier in Mz Gonsenheim 2. Platz beim Kindershowtanzturnier in Kriegsfeld 3. Platz beim Kindershowtanzturnier in Rockenhausen &#8230; in der Saison &#8220; Im Reich der Kobolde&#8220; 2014\/15 3. Platz beim Kindershowtanzturnier in Armsheim Publikumsliebling beim Jugendshowtanzturnier in Nierstein 2. Platz und Publikumsliebling beim Kindershowtanzturnier in Framersheim 3. Platz und Publikumsliebling&nbsp;beim Kindershowtanzturnier in Partenheim 3. Platz und Publikumsliebling beim Kindershowtanzturnier in Sprendlingen bei ZooM 2. Platz beim Kinder und Jugend-Showtanzturnier des CC-Osthofen &#8230; in der Saison &#8220; Fu\u00dfball &#8220; 2013\/14 2.Platz und Publikumsliebling&nbsp;beim Kinder und Jugend-Showtanzturnier des TUS 1889 Jugenheim 3. Platz beim L\u00f6hr Cup in Mainz 3. Platz beim Kinder und Jugendshowtanz Nachmittag in Frahmersheim 6. Platz beim Kindershowtanzturnier in Gimbsheim 4. Platz beim Kinder und Jugend-Showtanzturnier des CC-Osthofen 3. Platz beim Kindershowtanzevent in Rockenhausen 2. Platz beim Kinder und Judend-Showtanzturnier in Pfaffen-Schwabenheim Juryliebling und Gewinner der Juryherzen auf dem Kindershowtanzturnier in Neu-Bamberg Gruppenliebling beim Showtanzturnier des TV Nierstein Hier geht es zu unserer Vitrine: &#8211;&gt;http:\/\/1drv.ms\/1bhpd7c&nbsp;&lt;&#8211;<\/p>\n","protected":false},"author":1,"featured_media":0,"parent":153,"menu_order":0,"comment_status":"closed","ping_status":"closed","template":"","meta":{"footnotes":""},"class_list":["post-192","page","type-page","status-publish","hentry"],"_links":{"self":[{"href":"http:\/\/www.dancesociety.info\/index.php?rest_route=\/wp\/v2\/pages\/192","targetHints":{"allow":["GET"]}}],"collection":[{"href":"http:\/\/www.dancesociety.info\/index.php?rest_route=\/wp\/v2\/pages"}],"about":[{"href":"http:\/\/www.dancesociety.info\/index.php?rest_route=\/wp\/v2\/types\/page"}],"author":[{"embeddable":true,"href":"http:\/\/www.dancesociety.info\/index.php?rest_route=\/wp\/v2\/users\/1"}],"replies":[{"embeddable":true,"href":"http:\/\/www.dancesociety.info\/index.php?rest_route=%2Fwp%2Fv2%2Fcomments&post=192"}],"version-history":[{"count":49,"href":"http:\/\/www.dancesociety.info\/index.php?rest_route=\/wp\/v2\/pages\/192\/revisions"}],"predecessor-version":[{"id":1913,"href":"http:\/\/www.dancesociety.info\/index.php?rest_route=\/wp\/v2\/pages\/192\/revisions\/1913"}],"up":[{"embeddable":true,"href":"http:\/\/www.dancesociety.info\/index.php?rest_route=\/wp\/v2\/pages\/153"}],"wp:attachment":[{"href":"http:\/\/www.dancesociety.info\/index.php?rest_route=%2Fwp%2Fv2%2Fmedia&parent=192"}],"curies":[{"name":"wp","href":"https:\/\/api.w.org\/{rel}","templated":true}]}}