{"id":157,"date":"2018-01-27T18:51:37","date_gmt":"2018-01-27T17:51:37","guid":{"rendered":"http:\/\/www.dancesociety.info\/?page_id=157"},"modified":"2024-12-11T18:28:12","modified_gmt":"2024-12-11T17:28:12","slug":"beschreibung","status":"publish","type":"page","link":"http:\/\/www.dancesociety.info\/?page_id=157","title":{"rendered":"Beschreibung"},"content":{"rendered":"\n<p class=\"has-text-align-center\"><span style=\"font-family: Arial,Sans-Serif; font-size: large;\">Young Society ist eine Kindertanzgruppe aus dem Verein Dance Society e.V. Alzey.<br>Sie bestehen bereits seit 2008 und sind 7 &#8211;\u00a011 Jahre alt.<br>Trainiert werden die 42 T\u00e4nzer und T\u00e4nzerinnen von Julia Knaus und Emely Wagner.<\/span><\/p>\n\n\n\n<p class=\"has-text-align-center\"><span style=\"font-family: Arial,Sans-Serif; font-size: large;\">Sie&nbsp;nehmen regelm\u00e4\u00dfig&nbsp;an Turnieren teil oder zeigen auf anderen Veranstaltungen ihr K\u00f6nnen. Spielerisch aber mit Disziplin werden die Kinder auf die \u00e4lteren Gruppen vorbereitet. <\/span><\/p>\n\n\n\n<p class=\"has-text-align-center\"><span style=\"font-family: Arial,Sans-Serif; font-size: large;\">Die Gruppe ist Hessen- und Deutscher Meister 2023!<\/span><\/p>\n\n\n\n<p class=\"has-text-align-center\"><span style=\"font-family: Arial,Sans-Serif;\"><span style=\"font-size: large;\">Diese Saison tanzen sie auf das Thema &#8222;Pippi Langstrumpf\u201c.<\/span><\/span><\/p>\n\n\n<div class=\"wp-block-image\">\n<figure class=\"aligncenter size-large is-resized\"><img loading=\"lazy\" decoding=\"async\" width=\"1024\" height=\"683\" src=\"http:\/\/www.dancesociety.info\/wp-content\/uploads\/2024\/12\/RL_241123_Dance_Society_325-1024x683.jpg\" alt=\"\" class=\"wp-image-1734\" style=\"width:573px\" srcset=\"http:\/\/www.dancesociety.info\/wp-content\/uploads\/2024\/12\/RL_241123_Dance_Society_325-1024x683.jpg 1024w, http:\/\/www.dancesociety.info\/wp-content\/uploads\/2024\/12\/RL_241123_Dance_Society_325-300x200.jpg 300w, http:\/\/www.dancesociety.info\/wp-content\/uploads\/2024\/12\/RL_241123_Dance_Society_325-768x512.jpg 768w, http:\/\/www.dancesociety.info\/wp-content\/uploads\/2024\/12\/RL_241123_Dance_Society_325-1536x1024.jpg 1536w, http:\/\/www.dancesociety.info\/wp-content\/uploads\/2024\/12\/RL_241123_Dance_Society_325-2048x1365.jpg 2048w, http:\/\/www.dancesociety.info\/wp-content\/uploads\/2024\/12\/RL_241123_Dance_Society_325-1140x760.jpg 1140w\" sizes=\"auto, (max-width: 1024px) 100vw, 1024px\" \/><figcaption class=\"wp-element-caption\">16. Saison &#8211; Pippi Langstrumpf<\/figcaption><\/figure><\/div>\n\n\n<figure class=\"wp-block-image aligncenter size-large is-resized\"><img loading=\"lazy\" decoding=\"async\" width=\"1024\" height=\"683\" src=\"http:\/\/www.dancesociety.info\/wp-content\/uploads\/2024\/07\/Young-Society-Alzey-Der-Grinch-1024x683.jpg\" alt=\"15. Saison - Der Grinch - Ich hasse Weihnachten\n\" class=\"wp-image-1715\" style=\"width:573px;height:auto\" srcset=\"http:\/\/www.dancesociety.info\/wp-content\/uploads\/2024\/07\/Young-Society-Alzey-Der-Grinch-1024x683.jpg 1024w, http:\/\/www.dancesociety.info\/wp-content\/uploads\/2024\/07\/Young-Society-Alzey-Der-Grinch-300x200.jpg 300w, http:\/\/www.dancesociety.info\/wp-content\/uploads\/2024\/07\/Young-Society-Alzey-Der-Grinch-768x512.jpg 768w, http:\/\/www.dancesociety.info\/wp-content\/uploads\/2024\/07\/Young-Society-Alzey-Der-Grinch-1536x1024.jpg 1536w, http:\/\/www.dancesociety.info\/wp-content\/uploads\/2024\/07\/Young-Society-Alzey-Der-Grinch-2048x1365.jpg 2048w, http:\/\/www.dancesociety.info\/wp-content\/uploads\/2024\/07\/Young-Society-Alzey-Der-Grinch-1140x760.jpg 1140w\" sizes=\"auto, (max-width: 1024px) 100vw, 1024px\" \/><figcaption class=\"wp-element-caption\">15. Saison &#8211; Der Grinch &#8211; Ich hasse Weihnachten<\/figcaption><\/figure>\n\n\n<div class=\"wp-block-image\">\n<figure class=\"aligncenter size-large is-resized\"><img loading=\"lazy\" decoding=\"async\" width=\"1024\" height=\"683\" src=\"http:\/\/www.dancesociety.info\/wp-content\/uploads\/2023\/05\/Young-Society-1024x683.jpg\" alt=\"\" class=\"wp-image-1530\" style=\"width:570px;height:380px\" srcset=\"http:\/\/www.dancesociety.info\/wp-content\/uploads\/2023\/05\/Young-Society-1024x683.jpg 1024w, http:\/\/www.dancesociety.info\/wp-content\/uploads\/2023\/05\/Young-Society-300x200.jpg 300w, http:\/\/www.dancesociety.info\/wp-content\/uploads\/2023\/05\/Young-Society-768x512.jpg 768w, http:\/\/www.dancesociety.info\/wp-content\/uploads\/2023\/05\/Young-Society-1536x1024.jpg 1536w, http:\/\/www.dancesociety.info\/wp-content\/uploads\/2023\/05\/Young-Society-1140x760.jpg 1140w, http:\/\/www.dancesociety.info\/wp-content\/uploads\/2023\/05\/Young-Society.jpg 1920w\" sizes=\"auto, (max-width: 1024px) 100vw, 1024px\" \/><figcaption class=\"wp-element-caption\">14. Saison &#8211; Eine monsterm\u00e4\u00dfige Kreuzfahrt<\/figcaption><\/figure><\/div>\n\n\n<p class=\"has-text-align-center has-black-color has-text-color has-small-font-size\">13. Saison &#8211; Corona<\/p>\n\n\n\n<p class=\"has-text-align-center has-black-color has-text-color has-small-font-size\">12. Saison &#8211; Corona<\/p>\n\n\n<div class=\"wp-block-image\">\n<figure class=\"aligncenter size-large is-resized\"><img loading=\"lazy\" decoding=\"async\" width=\"1024\" height=\"768\" src=\"http:\/\/www.dancesociety.info\/wp-content\/uploads\/2019\/12\/IMG_5562-1024x768.jpg\" alt=\"\" class=\"wp-image-1019\" style=\"width:570px\" srcset=\"http:\/\/www.dancesociety.info\/wp-content\/uploads\/2019\/12\/IMG_5562-1024x768.jpg 1024w, http:\/\/www.dancesociety.info\/wp-content\/uploads\/2019\/12\/IMG_5562-300x225.jpg 300w, http:\/\/www.dancesociety.info\/wp-content\/uploads\/2019\/12\/IMG_5562-768x576.jpg 768w, http:\/\/www.dancesociety.info\/wp-content\/uploads\/2019\/12\/IMG_5562-1536x1152.jpg 1536w, http:\/\/www.dancesociety.info\/wp-content\/uploads\/2019\/12\/IMG_5562-2048x1536.jpg 2048w, http:\/\/www.dancesociety.info\/wp-content\/uploads\/2019\/12\/IMG_5562-370x278.jpg 370w, http:\/\/www.dancesociety.info\/wp-content\/uploads\/2019\/12\/IMG_5562-1040x780.jpg 1040w\" sizes=\"auto, (max-width: 1024px) 100vw, 1024px\" \/><figcaption class=\"wp-element-caption\">11. Saison &#8211; Froscholympiade<\/figcaption><\/figure><\/div>\n\n<div class=\"wp-block-image\">\n<figure class=\"aligncenter is-resized\"><img loading=\"lazy\" decoding=\"async\" width=\"1024\" height=\"768\" src=\"http:\/\/www.dancesociety.info\/wp-content\/uploads\/2019\/10\/10-1024x768.jpg\" alt=\"\" class=\"wp-image-967\" style=\"width:570px\" srcset=\"http:\/\/www.dancesociety.info\/wp-content\/uploads\/2019\/10\/10-1024x768.jpg 1024w, http:\/\/www.dancesociety.info\/wp-content\/uploads\/2019\/10\/10-300x225.jpg 300w, http:\/\/www.dancesociety.info\/wp-content\/uploads\/2019\/10\/10-768x576.jpg 768w, http:\/\/www.dancesociety.info\/wp-content\/uploads\/2019\/10\/10-370x278.jpg 370w, http:\/\/www.dancesociety.info\/wp-content\/uploads\/2019\/10\/10-1040x780.jpg 1040w\" sizes=\"auto, (max-width: 1024px) 100vw, 1024px\" \/><figcaption class=\"wp-element-caption\">10. Saison &#8211; Dschungelcamp<\/figcaption><\/figure><\/div>\n\n<div class=\"wp-block-image\">\n<figure class=\"aligncenter is-resized\"><img loading=\"lazy\" decoding=\"async\" width=\"1024\" height=\"592\" src=\"http:\/\/www.dancesociety.info\/wp-content\/uploads\/2019\/10\/9-1024x592.jpg\" alt=\"\" class=\"wp-image-966\" style=\"width:570px;height:333px\" srcset=\"http:\/\/www.dancesociety.info\/wp-content\/uploads\/2019\/10\/9-1024x592.jpg 1024w, http:\/\/www.dancesociety.info\/wp-content\/uploads\/2019\/10\/9-300x173.jpg 300w, http:\/\/www.dancesociety.info\/wp-content\/uploads\/2019\/10\/9-768x444.jpg 768w, http:\/\/www.dancesociety.info\/wp-content\/uploads\/2019\/10\/9-370x214.jpg 370w, http:\/\/www.dancesociety.info\/wp-content\/uploads\/2019\/10\/9-1040x601.jpg 1040w\" sizes=\"auto, (max-width: 1024px) 100vw, 1024px\" \/><figcaption class=\"wp-element-caption\">9. Saison &#8211; Mission Weihnachten<\/figcaption><\/figure><\/div>\n\n<div class=\"wp-block-image\">\n<figure class=\"aligncenter is-resized\"><img loading=\"lazy\" decoding=\"async\" width=\"1024\" height=\"625\" src=\"http:\/\/www.dancesociety.info\/wp-content\/uploads\/2019\/10\/8-1024x625.jpg\" alt=\"\" class=\"wp-image-965\" style=\"width:570px\" srcset=\"http:\/\/www.dancesociety.info\/wp-content\/uploads\/2019\/10\/8-1024x625.jpg 1024w, http:\/\/www.dancesociety.info\/wp-content\/uploads\/2019\/10\/8-300x183.jpg 300w, http:\/\/www.dancesociety.info\/wp-content\/uploads\/2019\/10\/8-768x468.jpg 768w, http:\/\/www.dancesociety.info\/wp-content\/uploads\/2019\/10\/8-370x226.jpg 370w, http:\/\/www.dancesociety.info\/wp-content\/uploads\/2019\/10\/8-1040x634.jpg 1040w, http:\/\/www.dancesociety.info\/wp-content\/uploads\/2019\/10\/8.jpg 1277w\" sizes=\"auto, (max-width: 1024px) 100vw, 1024px\" \/><figcaption class=\"wp-element-caption\">8. Saison &#8211; Drei W\u00fcnsche frei<\/figcaption><\/figure><\/div>\n\n<div class=\"wp-block-image\">\n<figure class=\"aligncenter is-resized\"><img loading=\"lazy\" decoding=\"async\" width=\"1024\" height=\"683\" src=\"http:\/\/www.dancesociety.info\/wp-content\/uploads\/2019\/10\/7-1024x683.jpg\" alt=\"\" class=\"wp-image-964\" style=\"width:570px\" srcset=\"http:\/\/www.dancesociety.info\/wp-content\/uploads\/2019\/10\/7-1024x683.jpg 1024w, http:\/\/www.dancesociety.info\/wp-content\/uploads\/2019\/10\/7-300x200.jpg 300w, http:\/\/www.dancesociety.info\/wp-content\/uploads\/2019\/10\/7-768x512.jpg 768w, http:\/\/www.dancesociety.info\/wp-content\/uploads\/2019\/10\/7-370x247.jpg 370w, http:\/\/www.dancesociety.info\/wp-content\/uploads\/2019\/10\/7-1040x693.jpg 1040w, http:\/\/www.dancesociety.info\/wp-content\/uploads\/2019\/10\/7.jpg 1080w\" sizes=\"auto, (max-width: 1024px) 100vw, 1024px\" \/><figcaption class=\"wp-element-caption\">7. Saison &#8211; Die Polizei dein Held<\/figcaption><\/figure><\/div>\n\n<div class=\"wp-block-image\">\n<figure class=\"aligncenter is-resized\"><img loading=\"lazy\" decoding=\"async\" width=\"1024\" height=\"680\" src=\"http:\/\/www.dancesociety.info\/wp-content\/uploads\/2019\/10\/6-1024x680.jpg\" alt=\"\" class=\"wp-image-963\" style=\"width:570px\" srcset=\"http:\/\/www.dancesociety.info\/wp-content\/uploads\/2019\/10\/6.jpg 1024w, http:\/\/www.dancesociety.info\/wp-content\/uploads\/2019\/10\/6-300x199.jpg 300w, http:\/\/www.dancesociety.info\/wp-content\/uploads\/2019\/10\/6-768x510.jpg 768w, http:\/\/www.dancesociety.info\/wp-content\/uploads\/2019\/10\/6-370x246.jpg 370w\" sizes=\"auto, (max-width: 1024px) 100vw, 1024px\" \/><figcaption class=\"wp-element-caption\">6. Saison &#8211; Im Reich der Kobolde<\/figcaption><\/figure><\/div>\n\n<div class=\"wp-block-image\">\n<figure class=\"aligncenter is-resized\"><img loading=\"lazy\" decoding=\"async\" width=\"480\" height=\"360\" src=\"http:\/\/www.dancesociety.info\/wp-content\/uploads\/2019\/10\/5.jpg\" alt=\"\" class=\"wp-image-962\" style=\"width:570px;height:435px\" srcset=\"http:\/\/www.dancesociety.info\/wp-content\/uploads\/2019\/10\/5.jpg 480w, http:\/\/www.dancesociety.info\/wp-content\/uploads\/2019\/10\/5-300x225.jpg 300w, http:\/\/www.dancesociety.info\/wp-content\/uploads\/2019\/10\/5-370x278.jpg 370w\" sizes=\"auto, (max-width: 480px) 100vw, 480px\" \/><figcaption class=\"wp-element-caption\">5. Saison &#8211; Fu\u00dfball<\/figcaption><\/figure><\/div>\n\n<div class=\"wp-block-image\">\n<figure class=\"aligncenter is-resized\"><img loading=\"lazy\" decoding=\"async\" width=\"900\" height=\"600\" src=\"http:\/\/www.dancesociety.info\/wp-content\/uploads\/2019\/10\/44.jpg\" alt=\"\" class=\"wp-image-961\" style=\"width:570px\" srcset=\"http:\/\/www.dancesociety.info\/wp-content\/uploads\/2019\/10\/44.jpg 900w, http:\/\/www.dancesociety.info\/wp-content\/uploads\/2019\/10\/44-300x200.jpg 300w, http:\/\/www.dancesociety.info\/wp-content\/uploads\/2019\/10\/44-768x512.jpg 768w, http:\/\/www.dancesociety.info\/wp-content\/uploads\/2019\/10\/44-370x247.jpg 370w\" sizes=\"auto, (max-width: 900px) 100vw, 900px\" \/><figcaption class=\"wp-element-caption\">4. Saison &#8211; Die Schl\u00fcmpfe<\/figcaption><\/figure><\/div>\n\n<div class=\"wp-block-image\">\n<figure class=\"aligncenter is-resized\"><img loading=\"lazy\" decoding=\"async\" width=\"800\" height=\"600\" src=\"http:\/\/www.dancesociety.info\/wp-content\/uploads\/2019\/10\/3.jpg\" alt=\"\" class=\"wp-image-959\" style=\"width:570px\" srcset=\"http:\/\/www.dancesociety.info\/wp-content\/uploads\/2019\/10\/3.jpg 800w, http:\/\/www.dancesociety.info\/wp-content\/uploads\/2019\/10\/3-300x225.jpg 300w, http:\/\/www.dancesociety.info\/wp-content\/uploads\/2019\/10\/3-768x576.jpg 768w, http:\/\/www.dancesociety.info\/wp-content\/uploads\/2019\/10\/3-370x278.jpg 370w\" sizes=\"auto, (max-width: 800px) 100vw, 800px\" \/><figcaption class=\"wp-element-caption\">3. Saison &#8211; Candyworld<\/figcaption><\/figure><\/div>\n\n<div class=\"wp-block-image\">\n<figure class=\"aligncenter is-resized\"><img loading=\"lazy\" decoding=\"async\" width=\"620\" height=\"465\" src=\"http:\/\/www.dancesociety.info\/wp-content\/uploads\/2019\/10\/2.jpg\" alt=\"\" class=\"wp-image-958\" style=\"width:570px\" srcset=\"http:\/\/www.dancesociety.info\/wp-content\/uploads\/2019\/10\/2.jpg 620w, http:\/\/www.dancesociety.info\/wp-content\/uploads\/2019\/10\/2-300x225.jpg 300w, http:\/\/www.dancesociety.info\/wp-content\/uploads\/2019\/10\/2-370x278.jpg 370w\" sizes=\"auto, (max-width: 620px) 100vw, 620px\" \/><figcaption class=\"wp-element-caption\">2. Saison &#8211; Puppenspieler<\/figcaption><\/figure><\/div>\n\n<div class=\"wp-block-image\">\n<figure class=\"aligncenter is-resized\"><img loading=\"lazy\" decoding=\"async\" width=\"448\" height=\"298\" src=\"http:\/\/www.dancesociety.info\/wp-content\/uploads\/2019\/10\/1.jpg\" alt=\"\" class=\"wp-image-957\" style=\"width:570px;height:379px\" srcset=\"http:\/\/www.dancesociety.info\/wp-content\/uploads\/2019\/10\/1.jpg 448w, http:\/\/www.dancesociety.info\/wp-content\/uploads\/2019\/10\/1-300x200.jpg 300w, http:\/\/www.dancesociety.info\/wp-content\/uploads\/2019\/10\/1-370x246.jpg 370w\" sizes=\"auto, (max-width: 448px) 100vw, 448px\" \/><figcaption class=\"wp-element-caption\">1. Saison &#8211; Schwarze und wei\u00dfe Engel<\/figcaption><\/figure><\/div>","protected":false},"excerpt":{"rendered":"<p>Young Society ist eine Kindertanzgruppe aus dem Verein Dance Society e.V. Alzey.Sie bestehen bereits seit 2008 und sind 7 &#8211;\u00a011 Jahre alt.Trainiert werden die 42 T\u00e4nzer und T\u00e4nzerinnen von Julia Knaus und Emely Wagner. Sie&nbsp;nehmen regelm\u00e4\u00dfig&nbsp;an Turnieren teil oder zeigen auf anderen Veranstaltungen ihr K\u00f6nnen. Spielerisch aber mit Disziplin werden die Kinder auf die \u00e4lteren Gruppen vorbereitet. Die Gruppe ist Hessen- und Deutscher Meister 2023! Diese Saison tanzen sie auf das Thema &#8222;Pippi Langstrumpf\u201c. 13. Saison &#8211; Corona 12. Saison &#8211; Corona<\/p>\n","protected":false},"author":1,"featured_media":0,"parent":153,"menu_order":0,"comment_status":"closed","ping_status":"closed","template":"","meta":{"footnotes":""},"class_list":["post-157","page","type-page","status-publish","hentry"],"_links":{"self":[{"href":"http:\/\/www.dancesociety.info\/index.php?rest_route=\/wp\/v2\/pages\/157","targetHints":{"allow":["GET"]}}],"collection":[{"href":"http:\/\/www.dancesociety.info\/index.php?rest_route=\/wp\/v2\/pages"}],"about":[{"href":"http:\/\/www.dancesociety.info\/index.php?rest_route=\/wp\/v2\/types\/page"}],"author":[{"embeddable":true,"href":"http:\/\/www.dancesociety.info\/index.php?rest_route=\/wp\/v2\/users\/1"}],"replies":[{"embeddable":true,"href":"http:\/\/www.dancesociety.info\/index.php?rest_route=%2Fwp%2Fv2%2Fcomments&post=157"}],"version-history":[{"count":34,"href":"http:\/\/www.dancesociety.info\/index.php?rest_route=\/wp\/v2\/pages\/157\/revisions"}],"predecessor-version":[{"id":1735,"href":"http:\/\/www.dancesociety.info\/index.php?rest_route=\/wp\/v2\/pages\/157\/revisions\/1735"}],"up":[{"embeddable":true,"href":"http:\/\/www.dancesociety.info\/index.php?rest_route=\/wp\/v2\/pages\/153"}],"wp:attachment":[{"href":"http:\/\/www.dancesociety.info\/index.php?rest_route=%2Fwp%2Fv2%2Fmedia&parent=157"}],"curies":[{"name":"wp","href":"https:\/\/api.w.org\/{rel}","templated":true}]}}